{"id":6,"date":"2020-02-19T20:36:47","date_gmt":"2020-02-19T23:36:47","guid":{"rendered":"http:\/\/milenagama.com.br\/blog\/index.php\/inicial\/"},"modified":"2020-11-20T15:33:38","modified_gmt":"2020-11-20T18:33:38","slug":"universo-mg","status":"publish","type":"page","link":"https:\/\/milenagama.com.br\/blog\/","title":{"rendered":"Universo MG"},"content":{"rendered":"","protected":false},"excerpt":{"rendered":"","protected":false},"author":4,"featured_media":0,"parent":0,"menu_order":0,"comment_status":"closed","ping_status":"closed","template":"front-page.php","meta":[],"yoast_head":"<!-- This site is optimized with the Yoast SEO plugin v15.2.1 - https:\/\/yoast.com\/wordpress\/plugins\/seo\/ -->\n<title>Universo MG | Milena Gama | Bolsas e Acess\u00f3rios<\/title>\n<meta name=\"description\" content=\"Moda, tend\u00eancias e bolsas, \u00f3bvio! Com carinho, amor e dedica\u00e7\u00e3o, a MG lapida com delicadeza cada detalhe da sua cria\u00e7\u00e3o.\" \/>\n<meta name=\"robots\" content=\"index, follow, max-snippet:-1, max-image-preview:large, max-video-preview:-1\" \/>\n<link rel=\"canonical\" href=\"https:\/\/milenagama.com.br\/blog\/\" \/>\n<meta property=\"og:locale\" content=\"pt_BR\" \/>\n<meta property=\"og:type\" content=\"article\" \/>\n<meta property=\"og:title\" content=\"Universo MG | Milena Gama | Bolsas e Acess\u00f3rios\" \/>\n<meta property=\"og:description\" content=\"Moda, tend\u00eancias e bolsas, \u00f3bvio! Com carinho, amor e dedica\u00e7\u00e3o, a MG lapida com delicadeza cada detalhe da sua cria\u00e7\u00e3o.\" \/>\n<meta property=\"og:url\" content=\"https:\/\/milenagama.com.br\/blog\/\" \/>\n<meta property=\"og:site_name\" content=\"Universo MG | Milena Gama | Bolsas e acess\u00f3rios\" \/>\n<meta property=\"article:publisher\" content=\"https:\/\/www.facebook.com\/milenagamaoficial\/\" \/>\n<meta property=\"article:modified_time\" content=\"2020-11-20T18:33:38+00:00\" \/>\n<meta name=\"twitter:card\" content=\"summary_large_image\" \/>\n<meta name=\"twitter:label1\" content=\"Written by\">\n\t<meta name=\"twitter:data1\" content=\"Joice Zulian\">\n<script type=\"application\/ld+json\" class=\"yoast-schema-graph\">{\"@context\":\"https:\/\/schema.org\",\"@graph\":[{\"@type\":\"Organization\",\"@id\":\"https:\/\/milenagama.com.br\/blog\/#organization\",\"name\":\"Milena Gama\",\"url\":\"https:\/\/milenagama.com.br\/blog\/\",\"sameAs\":[\"https:\/\/www.facebook.com\/milenagamaoficial\/\",\"https:\/\/www.instagram.com\/milenagamaoficial\/\"],\"logo\":{\"@type\":\"ImageObject\",\"@id\":\"https:\/\/milenagama.com.br\/blog\/#logo\",\"inLanguage\":\"pt-BR\",\"url\":\"https:\/\/milenagama.com.br\/blog\/wp-content\/uploads\/2020\/02\/mg-logo-black.png\",\"width\":535,\"height\":149,\"caption\":\"Milena Gama\"},\"image\":{\"@id\":\"https:\/\/milenagama.com.br\/blog\/#logo\"}},{\"@type\":\"WebSite\",\"@id\":\"https:\/\/milenagama.com.br\/blog\/#website\",\"url\":\"https:\/\/milenagama.com.br\/blog\/\",\"name\":\"Universo MG - Milena Gama\",\"description\":\"Universo MG: Moda, tend\\u00eancias e bolsas, \\u00f3bvio!\",\"publisher\":{\"@id\":\"https:\/\/milenagama.com.br\/blog\/#organization\"},\"potentialAction\":[{\"@type\":\"SearchAction\",\"target\":\"https:\/\/milenagama.com.br\/blog\/?s={search_term_string}\",\"query-input\":\"required name=search_term_string\"}],\"inLanguage\":\"pt-BR\"},{\"@type\":\"WebPage\",\"@id\":\"https:\/\/milenagama.com.br\/blog\/#webpage\",\"url\":\"https:\/\/milenagama.com.br\/blog\/\",\"name\":\"Universo MG | Milena Gama | Bolsas e Acess\\u00f3rios\",\"isPartOf\":{\"@id\":\"https:\/\/milenagama.com.br\/blog\/#website\"},\"datePublished\":\"2020-02-19T23:36:47+00:00\",\"dateModified\":\"2020-11-20T18:33:38+00:00\",\"description\":\"Moda, tend\\u00eancias e bolsas, \\u00f3bvio! Com carinho, amor e dedica\\u00e7\\u00e3o, a MG lapida com delicadeza cada detalhe da sua cria\\u00e7\\u00e3o.\",\"inLanguage\":\"pt-BR\",\"potentialAction\":[{\"@type\":\"ReadAction\",\"target\":[\"https:\/\/milenagama.com.br\/blog\/\"]}]}]}<\/script>\n<!-- \/ Yoast SEO plugin. -->","_links":{"self":[{"href":"https:\/\/milenagama.com.br\/blog\/wp-json\/wp\/v2\/pages\/6"}],"collection":[{"href":"https:\/\/milenagama.com.br\/blog\/wp-json\/wp\/v2\/pages"}],"about":[{"href":"https:\/\/milenagama.com.br\/blog\/wp-json\/wp\/v2\/types\/page"}],"author":[{"embeddable":true,"href":"https:\/\/milenagama.com.br\/blog\/wp-json\/wp\/v2\/users\/4"}],"replies":[{"embeddable":true,"href":"https:\/\/milenagama.com.br\/blog\/wp-json\/wp\/v2\/comments?post=6"}],"version-history":[{"count":21,"href":"https:\/\/milenagama.com.br\/blog\/wp-json\/wp\/v2\/pages\/6\/revisions"}],"predecessor-version":[{"id":541,"href":"https:\/\/milenagama.com.br\/blog\/wp-json\/wp\/v2\/pages\/6\/revisions\/541"}],"wp:attachment":[{"href":"https:\/\/milenagama.com.br\/blog\/wp-json\/wp\/v2\/media?parent=6"}],"curies":[{"name":"wp","href":"https:\/\/api.w.org\/{rel}","templated":true}]}}